{"id":360,"date":"2022-07-06T08:29:21","date_gmt":"2022-07-06T01:29:21","guid":{"rendered":"http:\/\/kraftofasia.com\/about-us\/"},"modified":"2025-10-21T16:45:18","modified_gmt":"2025-10-21T09:45:18","slug":"about-us","status":"publish","type":"page","link":"https:\/\/kraftofasia.com\/vi\/about-us\/","title":{"rendered":"V\u1ec1 ch\u00fang t\u00f4i"},"content":{"rendered":"","protected":false},"excerpt":{"rendered":"","protected":false},"author":1,"featured_media":348,"parent":0,"menu_order":0,"comment_status":"closed","ping_status":"closed","template":"page-template\/about-template.php","meta":{"inline_featured_image":false,"footnotes":""},"class_list":["post-360","page","type-page","status-publish","has-post-thumbnail","hentry"],"acf":[],"yoast_head":"<!-- This site is optimized with the Yoast SEO plugin v19.2 - https:\/\/yoast.com\/wordpress\/plugins\/seo\/ -->\n<title>V\u1ec1 ch\u00fang t\u00f4i - Kraftofasia<\/title>\n<meta name=\"description\" content=\"C\u00f4ng ty Kraft of Asia Paperboard &amp; Packaging (\u201cKOA\u201d) xu\u1ea5t gi\u1ea5y carton \u0111\u01b0\u1ee3c th\u00e0nh l\u1eadp v\u00e0o 6-2018 v\u1edbi c\u00f4ng su\u1ea5t s\u1ea3n xu\u1ea5t 400.000 t\u1ea5n m\u1ed7i n\u0103m\" \/>\n<meta name=\"robots\" content=\"index, follow, max-snippet:-1, max-image-preview:large, max-video-preview:-1\" \/>\n<link rel=\"canonical\" href=\"https:\/\/kraftofasia.com\/vi\/about-us\/\" \/>\n<meta property=\"og:locale\" content=\"vi_VN\" \/>\n<meta property=\"og:type\" content=\"article\" \/>\n<meta property=\"og:title\" content=\"V\u1ec1 ch\u00fang t\u00f4i - Kraftofasia\" \/>\n<meta property=\"og:description\" content=\"C\u00f4ng ty Kraft of Asia Paperboard &amp; Packaging (\u201cKOA\u201d) xu\u1ea5t gi\u1ea5y carton \u0111\u01b0\u1ee3c th\u00e0nh l\u1eadp v\u00e0o 6-2018 v\u1edbi c\u00f4ng su\u1ea5t s\u1ea3n xu\u1ea5t 400.000 t\u1ea5n m\u1ed7i n\u0103m\" \/>\n<meta property=\"og:url\" content=\"https:\/\/kraftofasia.com\/vi\/about-us\/\" \/>\n<meta property=\"og:site_name\" content=\"Kraftofasia\" \/>\n<meta property=\"article:modified_time\" content=\"2025-10-21T09:45:18+00:00\" \/>\n<meta property=\"og:image\" content=\"https:\/\/kraftofasia.com\/wp-content\/uploads\/2022\/08\/image-20220610032311-1.jpeg\" \/>\n\t<meta property=\"og:image:width\" content=\"1181\" \/>\n\t<meta property=\"og:image:height\" content=\"715\" \/>\n\t<meta property=\"og:image:type\" content=\"image\/jpeg\" \/>\n<meta name=\"author\" content=\"monamedia\" \/>\n<meta name=\"twitter:card\" content=\"summary_large_image\" \/>\n<script type=\"application\/ld+json\" class=\"yoast-schema-graph\">{\"@context\":\"https:\/\/schema.org\",\"@graph\":[{\"@type\":\"WebSite\",\"@id\":\"https:\/\/kraftofasia.com\/#website\",\"url\":\"https:\/\/kraftofasia.com\/\",\"name\":\"Kraftofasia\",\"description\":\"\",\"potentialAction\":[{\"@type\":\"SearchAction\",\"target\":{\"@type\":\"EntryPoint\",\"urlTemplate\":\"https:\/\/kraftofasia.com\/?s={search_term_string}\"},\"query-input\":\"required name=search_term_string\"}],\"inLanguage\":\"vi-VN\"},{\"@type\":\"ImageObject\",\"inLanguage\":\"vi-VN\",\"@id\":\"https:\/\/kraftofasia.com\/vi\/about-us\/#primaryimage\",\"url\":\"https:\/\/kraftofasia.com\/wp-content\/uploads\/2022\/08\/image-20220610032311-1.jpeg\",\"contentUrl\":\"https:\/\/kraftofasia.com\/wp-content\/uploads\/2022\/08\/image-20220610032311-1.jpeg\",\"width\":1181,\"height\":715},{\"@type\":\"WebPage\",\"@id\":\"https:\/\/kraftofasia.com\/vi\/about-us\/#webpage\",\"url\":\"https:\/\/kraftofasia.com\/vi\/about-us\/\",\"name\":\"V\u1ec1 ch\u00fang t\u00f4i - Kraftofasia\",\"isPartOf\":{\"@id\":\"https:\/\/kraftofasia.com\/#website\"},\"primaryImageOfPage\":{\"@id\":\"https:\/\/kraftofasia.com\/vi\/about-us\/#primaryimage\"},\"datePublished\":\"2022-07-06T01:29:21+00:00\",\"dateModified\":\"2025-10-21T09:45:18+00:00\",\"description\":\"C\u00f4ng ty Kraft of Asia Paperboard & Packaging (\u201cKOA\u201d) xu\u1ea5t gi\u1ea5y carton \u0111\u01b0\u1ee3c th\u00e0nh l\u1eadp v\u00e0o 6-2018 v\u1edbi c\u00f4ng su\u1ea5t s\u1ea3n xu\u1ea5t 400.000 t\u1ea5n m\u1ed7i n\u0103m\",\"breadcrumb\":{\"@id\":\"https:\/\/kraftofasia.com\/vi\/about-us\/#breadcrumb\"},\"inLanguage\":\"vi-VN\",\"potentialAction\":[{\"@type\":\"ReadAction\",\"target\":[\"https:\/\/kraftofasia.com\/vi\/about-us\/\"]}]},{\"@type\":\"BreadcrumbList\",\"@id\":\"https:\/\/kraftofasia.com\/vi\/about-us\/#breadcrumb\",\"itemListElement\":[{\"@type\":\"ListItem\",\"position\":1,\"name\":\"Home\",\"item\":\"https:\/\/kraftofasia.com\/vi\/\"},{\"@type\":\"ListItem\",\"position\":2,\"name\":\"V\u1ec1 ch\u00fang t\u00f4i\"}]}]}<\/script>\n<!-- \/ Yoast SEO plugin. -->","yoast_head_json":{"title":"V\u1ec1 ch\u00fang t\u00f4i - Kraftofasia","description":"C\u00f4ng ty Kraft of Asia Paperboard & Packaging (\u201cKOA\u201d) xu\u1ea5t gi\u1ea5y carton \u0111\u01b0\u1ee3c th\u00e0nh l\u1eadp v\u00e0o 6-2018 v\u1edbi c\u00f4ng su\u1ea5t s\u1ea3n xu\u1ea5t 400.000 t\u1ea5n m\u1ed7i n\u0103m","robots":{"index":"index","follow":"follow","max-snippet":"max-snippet:-1","max-image-preview":"max-image-preview:large","max-video-preview":"max-video-preview:-1"},"canonical":"https:\/\/kraftofasia.com\/vi\/about-us\/","og_locale":"vi_VN","og_type":"article","og_title":"V\u1ec1 ch\u00fang t\u00f4i - Kraftofasia","og_description":"C\u00f4ng ty Kraft of Asia Paperboard & Packaging (\u201cKOA\u201d) xu\u1ea5t gi\u1ea5y carton \u0111\u01b0\u1ee3c th\u00e0nh l\u1eadp v\u00e0o 6-2018 v\u1edbi c\u00f4ng su\u1ea5t s\u1ea3n xu\u1ea5t 400.000 t\u1ea5n m\u1ed7i n\u0103m","og_url":"https:\/\/kraftofasia.com\/vi\/about-us\/","og_site_name":"Kraftofasia","article_modified_time":"2025-10-21T09:45:18+00:00","og_image":[{"width":1181,"height":715,"url":"https:\/\/kraftofasia.com\/wp-content\/uploads\/2022\/08\/image-20220610032311-1.jpeg","type":"image\/jpeg"}],"author":"monamedia","twitter_card":"summary_large_image","schema":{"@context":"https:\/\/schema.org","@graph":[{"@type":"WebSite","@id":"https:\/\/kraftofasia.com\/#website","url":"https:\/\/kraftofasia.com\/","name":"Kraftofasia","description":"","potentialAction":[{"@type":"SearchAction","target":{"@type":"EntryPoint","urlTemplate":"https:\/\/kraftofasia.com\/?s={search_term_string}"},"query-input":"required name=search_term_string"}],"inLanguage":"vi-VN"},{"@type":"ImageObject","inLanguage":"vi-VN","@id":"https:\/\/kraftofasia.com\/vi\/about-us\/#primaryimage","url":"https:\/\/kraftofasia.com\/wp-content\/uploads\/2022\/08\/image-20220610032311-1.jpeg","contentUrl":"https:\/\/kraftofasia.com\/wp-content\/uploads\/2022\/08\/image-20220610032311-1.jpeg","width":1181,"height":715},{"@type":"WebPage","@id":"https:\/\/kraftofasia.com\/vi\/about-us\/#webpage","url":"https:\/\/kraftofasia.com\/vi\/about-us\/","name":"V\u1ec1 ch\u00fang t\u00f4i - Kraftofasia","isPartOf":{"@id":"https:\/\/kraftofasia.com\/#website"},"primaryImageOfPage":{"@id":"https:\/\/kraftofasia.com\/vi\/about-us\/#primaryimage"},"datePublished":"2022-07-06T01:29:21+00:00","dateModified":"2025-10-21T09:45:18+00:00","description":"C\u00f4ng ty Kraft of Asia Paperboard & Packaging (\u201cKOA\u201d) xu\u1ea5t gi\u1ea5y carton \u0111\u01b0\u1ee3c th\u00e0nh l\u1eadp v\u00e0o 6-2018 v\u1edbi c\u00f4ng su\u1ea5t s\u1ea3n xu\u1ea5t 400.000 t\u1ea5n m\u1ed7i n\u0103m","breadcrumb":{"@id":"https:\/\/kraftofasia.com\/vi\/about-us\/#breadcrumb"},"inLanguage":"vi-VN","potentialAction":[{"@type":"ReadAction","target":["https:\/\/kraftofasia.com\/vi\/about-us\/"]}]},{"@type":"BreadcrumbList","@id":"https:\/\/kraftofasia.com\/vi\/about-us\/#breadcrumb","itemListElement":[{"@type":"ListItem","position":1,"name":"Home","item":"https:\/\/kraftofasia.com\/vi\/"},{"@type":"ListItem","position":2,"name":"V\u1ec1 ch\u00fang t\u00f4i"}]}]}},"_links":{"self":[{"href":"https:\/\/kraftofasia.com\/vi\/wp-json\/wp\/v2\/pages\/360","targetHints":{"allow":["GET"]}}],"collection":[{"href":"https:\/\/kraftofasia.com\/vi\/wp-json\/wp\/v2\/pages"}],"about":[{"href":"https:\/\/kraftofasia.com\/vi\/wp-json\/wp\/v2\/types\/page"}],"author":[{"embeddable":true,"href":"https:\/\/kraftofasia.com\/vi\/wp-json\/wp\/v2\/users\/1"}],"replies":[{"embeddable":true,"href":"https:\/\/kraftofasia.com\/vi\/wp-json\/wp\/v2\/comments?post=360"}],"version-history":[{"count":21,"href":"https:\/\/kraftofasia.com\/vi\/wp-json\/wp\/v2\/pages\/360\/revisions"}],"predecessor-version":[{"id":1184,"href":"https:\/\/kraftofasia.com\/vi\/wp-json\/wp\/v2\/pages\/360\/revisions\/1184"}],"wp:featuredmedia":[{"embeddable":true,"href":"https:\/\/kraftofasia.com\/vi\/wp-json\/wp\/v2\/media\/348"}],"wp:attachment":[{"href":"https:\/\/kraftofasia.com\/vi\/wp-json\/wp\/v2\/media?parent=360"}],"curies":[{"name":"wp","href":"https:\/\/api.w.org\/{rel}","templated":true}]}}