{"id":363,"date":"2022-07-06T08:29:21","date_gmt":"2022-07-06T01:29:21","guid":{"rendered":"http:\/\/kraftofasia.com\/contact\/"},"modified":"2025-07-09T11:45:15","modified_gmt":"2025-07-09T04:45:15","slug":"lien-he","status":"publish","type":"page","link":"https:\/\/kraftofasia.com\/vi\/lien-he\/","title":{"rendered":"Li\u00ean h\u1ec7-old"},"content":{"rendered":"<div role=\"form\" class=\"wpcf7\" id=\"wpcf7-f399-o1\" lang=\"en-US\" dir=\"ltr\">\n<div class=\"screen-reader-response\"><p role=\"status\" aria-live=\"polite\" aria-atomic=\"true\"><\/p> <ul><\/ul><\/div>\n<form action=\"\/vi\/wp-json\/wp\/v2\/pages\/363#wpcf7-f399-o1\" method=\"post\" class=\"wpcf7-form init\" novalidate=\"novalidate\" data-status=\"init\">\n<div style=\"display: none;\">\n<input type=\"hidden\" name=\"_wpcf7\" value=\"399\" \/>\n<input type=\"hidden\" name=\"_wpcf7_version\" value=\"5.6\" \/>\n<input type=\"hidden\" name=\"_wpcf7_locale\" value=\"en_US\" \/>\n<input type=\"hidden\" name=\"_wpcf7_unit_tag\" value=\"wpcf7-f399-o1\" \/>\n<input type=\"hidden\" name=\"_wpcf7_container_post\" value=\"0\" \/>\n<input type=\"hidden\" name=\"_wpcf7_posted_data_hash\" value=\"\" \/>\n<\/div>\n<div class=\"form-call\">\n                                        <div class=\"form-control\" >\n                                            <span class=\"wpcf7-form-control-wrap\" data-name=\"your-name\"><input type=\"text\" name=\"your-name\" value=\"\" size=\"40\" class=\"wpcf7-form-control wpcf7-text wpcf7-validates-as-required form-input\" aria-required=\"true\" aria-invalid=\"false\" placeholder=\"Vui l\u00f2ng nh\u1eadp t\u00ean c\u1ee7a b\u1ea1n\" \/><\/span>\n<span id=\"wpcf7-69d45e57cc4a4-wrapper\" class=\"wpcf7-form-control-wrap Full-name-wrap\" style=\"display:none !important; visibility:hidden !important;\"><label for=\"wpcf7-69d45e57cc4a4-field\" class=\"hp-message\">Please leave this field empty.<\/label><input id=\"wpcf7-69d45e57cc4a4-field\"  class=\"wpcf7-form-control wpcf7-text\" type=\"text\" name=\"Full-name\" value=\"\" size=\"40\" tabindex=\"-1\" autocomplete=\"new-password\" \/><\/span>\n                                        <\/div>\n                                        <div class=\"form-control\" >\n                                            <span class=\"wpcf7-form-control-wrap\" data-name=\"your-company-name\"><input type=\"text\" name=\"your-company-name\" value=\"\" size=\"40\" class=\"wpcf7-form-control wpcf7-text form-input\" aria-invalid=\"false\" placeholder=\"v\u00e0 t\u00ean c\u00f4ng ty c\u1ee7a b\u1ea1n\" \/><\/span>\n                                        <\/div>\n                                        <div class=\"form-control\">\n                                            <span class=\"wpcf7-form-control-wrap\" data-name=\"your-tel\"><input type=\"tel\" name=\"your-tel\" value=\"\" size=\"40\" class=\"wpcf7-form-control wpcf7-text wpcf7-tel wpcf7-validates-as-required wpcf7-validates-as-tel form-input\" aria-required=\"true\" aria-invalid=\"false\" placeholder=\"\u0110i\u1ec7n tho\u1ea1i c\u1ee7a b\u1ea1n\" \/><\/span>\n                                        <\/div>\n<div class=\"form-control\">\n                                            <span class=\"wpcf7-form-control-wrap\" data-name=\"your-email\"><input type=\"email\" name=\"your-email\" value=\"\" size=\"40\" class=\"wpcf7-form-control wpcf7-text wpcf7-email wpcf7-validates-as-required wpcf7-validates-as-email form-input\" aria-required=\"true\" aria-invalid=\"false\" placeholder=\"Email c\u1ee7a b\u1ea1n\" \/><\/span>\n                                        <\/div>\n\n                                        <span class=\"wpcf7-form-control-wrap\" data-name=\"your-message\"><textarea name=\"your-message\" cols=\"50\" rows=\"9\" class=\"wpcf7-form-control wpcf7-textarea form-control text-area\" aria-invalid=\"false\" placeholder=\"Y\u00eau c\u1ea7u c\u1ee7a b\u1ea1n\"><\/textarea><\/span>\n                                        <div class=\"item\">\n                                            <span class=\"wpcf7-form-control-wrap\" data-name=\"acceptance-726\"><span class=\"wpcf7-form-control wpcf7-acceptance\"><span class=\"wpcf7-list-item\"><input type=\"checkbox\" name=\"acceptance-726\" value=\"1\" aria-invalid=\"false\" class=\"form-checkbox\" id=\"checkbox\" \/><\/span><\/span><\/span>\n                                            <label class=\"form-label\" for=\"checkbox\">\n                                                <p> T\u00f4i \u0111\u1ed3ng \u00fd v\u1edbi c\u00e1c \u0111i\u1ec1u kho\u1ea3n c\u1ee7a<span> ch\u00ednh s\u00e1ch b\u1ea3o m\u1eadt <\/span><\/p>\n\n                                            <\/label>\n                                        <\/div>\n\n                                        <div class=\"result\"><\/div>\n                                        <div class=\"btn-sub\">\n<input type=\"submit\" value=\"G\u1eedi\" class=\"wpcf7-form-control has-spinner wpcf7-submit btn\" \/>\n<\/div>\n\n                                    <\/div><div class=\"wpcf7-response-output\" aria-hidden=\"true\"><\/div><\/form><\/div>\n<p>Email: contact@kraftofasia.com<\/p>\n<p>\u0110i\u1ec7n tho\u1ea1i: +84 254 389 1901<\/p>\n","protected":false},"excerpt":{"rendered":"<p>Email: contact@kraftofasia.com \u0110i\u1ec7n tho\u1ea1i: +84 254 389 1901<\/p>\n","protected":false},"author":1,"featured_media":0,"parent":0,"menu_order":0,"comment_status":"closed","ping_status":"closed","template":"page-template\/contact-template.php","meta":{"inline_featured_image":false,"footnotes":""},"class_list":["post-363","page","type-page","status-publish","hentry"],"acf":[],"yoast_head":"<!-- This site is optimized with the Yoast SEO plugin v19.2 - https:\/\/yoast.com\/wordpress\/plugins\/seo\/ -->\n<title>Li\u00ean h\u1ec7-old - Kraftofasia<\/title>\n<meta name=\"robots\" content=\"index, follow, max-snippet:-1, max-image-preview:large, max-video-preview:-1\" \/>\n<link rel=\"canonical\" href=\"https:\/\/kraftofasia.com\/vi\/lien-he\/\" \/>\n<meta property=\"og:locale\" content=\"vi_VN\" \/>\n<meta property=\"og:type\" content=\"article\" \/>\n<meta property=\"og:title\" content=\"Li\u00ean h\u1ec7-old - Kraftofasia\" \/>\n<meta property=\"og:description\" content=\"Email: contact@kraftofasia.com \u0110i\u1ec7n tho\u1ea1i: +84 254 389 1901\" \/>\n<meta property=\"og:url\" content=\"https:\/\/kraftofasia.com\/vi\/lien-he\/\" \/>\n<meta property=\"og:site_name\" content=\"Kraftofasia\" \/>\n<meta property=\"article:modified_time\" content=\"2025-07-09T04:45:15+00:00\" \/>\n<meta name=\"author\" content=\"monamedia\" \/>\n<meta name=\"twitter:card\" content=\"summary_large_image\" \/>\n<script type=\"application\/ld+json\" class=\"yoast-schema-graph\">{\"@context\":\"https:\/\/schema.org\",\"@graph\":[{\"@type\":\"WebSite\",\"@id\":\"https:\/\/kraftofasia.com\/#website\",\"url\":\"https:\/\/kraftofasia.com\/\",\"name\":\"Kraftofasia\",\"description\":\"\",\"potentialAction\":[{\"@type\":\"SearchAction\",\"target\":{\"@type\":\"EntryPoint\",\"urlTemplate\":\"https:\/\/kraftofasia.com\/?s={search_term_string}\"},\"query-input\":\"required name=search_term_string\"}],\"inLanguage\":\"vi-VN\"},{\"@type\":\"WebPage\",\"@id\":\"https:\/\/kraftofasia.com\/vi\/lien-he\/#webpage\",\"url\":\"https:\/\/kraftofasia.com\/vi\/lien-he\/\",\"name\":\"Li\u00ean h\u1ec7-old - Kraftofasia\",\"isPartOf\":{\"@id\":\"https:\/\/kraftofasia.com\/#website\"},\"datePublished\":\"2022-07-06T01:29:21+00:00\",\"dateModified\":\"2025-07-09T04:45:15+00:00\",\"breadcrumb\":{\"@id\":\"https:\/\/kraftofasia.com\/vi\/lien-he\/#breadcrumb\"},\"inLanguage\":\"vi-VN\",\"potentialAction\":[{\"@type\":\"ReadAction\",\"target\":[\"https:\/\/kraftofasia.com\/vi\/lien-he\/\"]}]},{\"@type\":\"BreadcrumbList\",\"@id\":\"https:\/\/kraftofasia.com\/vi\/lien-he\/#breadcrumb\",\"itemListElement\":[{\"@type\":\"ListItem\",\"position\":1,\"name\":\"Home\",\"item\":\"https:\/\/kraftofasia.com\/vi\/\"},{\"@type\":\"ListItem\",\"position\":2,\"name\":\"Li\u00ean h\u1ec7-old\"}]}]}<\/script>\n<!-- \/ Yoast SEO plugin. -->","yoast_head_json":{"title":"Li\u00ean h\u1ec7-old - Kraftofasia","robots":{"index":"index","follow":"follow","max-snippet":"max-snippet:-1","max-image-preview":"max-image-preview:large","max-video-preview":"max-video-preview:-1"},"canonical":"https:\/\/kraftofasia.com\/vi\/lien-he\/","og_locale":"vi_VN","og_type":"article","og_title":"Li\u00ean h\u1ec7-old - Kraftofasia","og_description":"Email: contact@kraftofasia.com \u0110i\u1ec7n tho\u1ea1i: +84 254 389 1901","og_url":"https:\/\/kraftofasia.com\/vi\/lien-he\/","og_site_name":"Kraftofasia","article_modified_time":"2025-07-09T04:45:15+00:00","author":"monamedia","twitter_card":"summary_large_image","schema":{"@context":"https:\/\/schema.org","@graph":[{"@type":"WebSite","@id":"https:\/\/kraftofasia.com\/#website","url":"https:\/\/kraftofasia.com\/","name":"Kraftofasia","description":"","potentialAction":[{"@type":"SearchAction","target":{"@type":"EntryPoint","urlTemplate":"https:\/\/kraftofasia.com\/?s={search_term_string}"},"query-input":"required name=search_term_string"}],"inLanguage":"vi-VN"},{"@type":"WebPage","@id":"https:\/\/kraftofasia.com\/vi\/lien-he\/#webpage","url":"https:\/\/kraftofasia.com\/vi\/lien-he\/","name":"Li\u00ean h\u1ec7-old - Kraftofasia","isPartOf":{"@id":"https:\/\/kraftofasia.com\/#website"},"datePublished":"2022-07-06T01:29:21+00:00","dateModified":"2025-07-09T04:45:15+00:00","breadcrumb":{"@id":"https:\/\/kraftofasia.com\/vi\/lien-he\/#breadcrumb"},"inLanguage":"vi-VN","potentialAction":[{"@type":"ReadAction","target":["https:\/\/kraftofasia.com\/vi\/lien-he\/"]}]},{"@type":"BreadcrumbList","@id":"https:\/\/kraftofasia.com\/vi\/lien-he\/#breadcrumb","itemListElement":[{"@type":"ListItem","position":1,"name":"Home","item":"https:\/\/kraftofasia.com\/vi\/"},{"@type":"ListItem","position":2,"name":"Li\u00ean h\u1ec7-old"}]}]}},"_links":{"self":[{"href":"https:\/\/kraftofasia.com\/vi\/wp-json\/wp\/v2\/pages\/363","targetHints":{"allow":["GET"]}}],"collection":[{"href":"https:\/\/kraftofasia.com\/vi\/wp-json\/wp\/v2\/pages"}],"about":[{"href":"https:\/\/kraftofasia.com\/vi\/wp-json\/wp\/v2\/types\/page"}],"author":[{"embeddable":true,"href":"https:\/\/kraftofasia.com\/vi\/wp-json\/wp\/v2\/users\/1"}],"replies":[{"embeddable":true,"href":"https:\/\/kraftofasia.com\/vi\/wp-json\/wp\/v2\/comments?post=363"}],"version-history":[{"count":9,"href":"https:\/\/kraftofasia.com\/vi\/wp-json\/wp\/v2\/pages\/363\/revisions"}],"predecessor-version":[{"id":1161,"href":"https:\/\/kraftofasia.com\/vi\/wp-json\/wp\/v2\/pages\/363\/revisions\/1161"}],"wp:attachment":[{"href":"https:\/\/kraftofasia.com\/vi\/wp-json\/wp\/v2\/media?parent=363"}],"curies":[{"name":"wp","href":"https:\/\/api.w.org\/{rel}","templated":true}]}}